{"id":37,"date":"2011-09-04T17:12:45","date_gmt":"2011-09-04T17:12:45","guid":{"rendered":"http:\/\/www.bmxchelles.fr\/?page_id=37"},"modified":"2022-11-28T21:55:10","modified_gmt":"2022-11-28T21:55:10","slug":"encadrement","status":"publish","type":"page","link":"http:\/\/www.bmxchelles.fr\/?page_id=37","title":{"rendered":"Encadrement"},"content":{"rendered":"\n<p><\/p>\n\n\n<p align=\"center\"><strong>Composition du bureau directeur<\/strong><\/p>\n<p><strong>Pr\u00e9sident<\/strong> \u00a0\u00a0\u00a0\u00a0\u00a0\u00a0\u00a0\u00a0 :\u00a0\u00a0\u00a0\u00a0Emmanuel METIVIER<\/p>\n<p><strong>Vice-pr\u00e9sident\u00a0<\/strong> :\u00a0\u00a0\u00a0 Sylvain GARO<\/p>\n<p><strong>Secr\u00e9taire\u00a0\u00a0\u00a0<\/strong> \u00a0\u00a0\u00a0\u00a0 :\u00a0 \u00a0\u00a0Laurence GRONDIN FLORI<\/p>\n<p><strong>Tr\u00e9sori\u00e8re\u00a0<\/strong> \u00a0\u00a0\u00a0\u00a0\u00a0\u00a0 :\u00a0\u00a0\u00a0 Sylvie SANTOS<\/p>\n<p><strong>Membres\u00a0 \u00e9lus\u00a0<\/strong> :\u00a0 \u00a0\u00a0Cyril DULIN, Christophe LAVERDURE, <span style=\"font-weight: 400;\">Marine BEYLOT, G\u00e9rard PHILIPPE, Laurent PHILIPPE, Danielle PHILIPPE<\/span><\/p>\n<p><strong>Entraineurs\u00a0<\/strong><b>dipl\u00f4m\u00e9s<\/b> :\u00a0\u00a0\u00a0 Carole PHILIPPE (Entraineur f\u00e9d\u00e9ral) &#8211; Ylan JONDEAU (Educateur f\u00e9d\u00e9ral)<\/p>\n<p><strong>Entraineurs\u00a0Stagiaires<\/strong> :\u00a0 \u00a0 Christophe LAVERDURE &#8211; Sylvain GARO &#8211; Emmanuel METIVIER\u00a0 &#8211; Cyril DULIN &#8211; Sasha DULIN &#8211; K\u00e9vin PETIT &#8211; Daniel ABREU<\/p>\n\n\n<p><\/p>\n","protected":false},"excerpt":{"rendered":"<p>Composition du bureau directeur Pr\u00e9sident \u00a0\u00a0\u00a0\u00a0\u00a0\u00a0\u00a0\u00a0 :\u00a0\u00a0\u00a0\u00a0Emmanuel METIVIER Vice-pr\u00e9sident\u00a0 :\u00a0\u00a0\u00a0 Sylvain GARO Secr\u00e9taire\u00a0\u00a0\u00a0 \u00a0\u00a0\u00a0\u00a0 :\u00a0 \u00a0\u00a0Laurence GRONDIN FLORI Tr\u00e9sori\u00e8re\u00a0 \u00a0\u00a0\u00a0\u00a0\u00a0\u00a0 :\u00a0\u00a0\u00a0 Sylvie SANTOS Membres\u00a0 \u00e9lus\u00a0 :\u00a0 \u00a0\u00a0Cyril DULIN, Christophe LAVERDURE, Marine BEYLOT, G\u00e9rard PHILIPPE, Laurent PHILIPPE, Danielle PHILIPPE Entraineurs\u00a0dipl\u00f4m\u00e9s :\u00a0\u00a0\u00a0 Carole PHILIPPE (Entraineur f\u00e9d\u00e9ral) &#8211; Ylan JONDEAU (Educateur f\u00e9d\u00e9ral) Entraineurs\u00a0Stagiaires :\u00a0 \u00a0 Christophe LAVERDURE &#8211;&hellip; <a class=\"more-link\" href=\"http:\/\/www.bmxchelles.fr\/?page_id=37\">Poursuivre la lecture <span class=\"screen-reader-text\">Encadrement<\/span><\/a><\/p>\n","protected":false},"author":1,"featured_media":0,"parent":0,"menu_order":2,"comment_status":"closed","ping_status":"open","template":"","meta":{"footnotes":""},"class_list":["post-37","page","type-page","status-publish","hentry","entry"],"_links":{"self":[{"href":"http:\/\/www.bmxchelles.fr\/index.php?rest_route=\/wp\/v2\/pages\/37","targetHints":{"allow":["GET"]}}],"collection":[{"href":"http:\/\/www.bmxchelles.fr\/index.php?rest_route=\/wp\/v2\/pages"}],"about":[{"href":"http:\/\/www.bmxchelles.fr\/index.php?rest_route=\/wp\/v2\/types\/page"}],"author":[{"embeddable":true,"href":"http:\/\/www.bmxchelles.fr\/index.php?rest_route=\/wp\/v2\/users\/1"}],"replies":[{"embeddable":true,"href":"http:\/\/www.bmxchelles.fr\/index.php?rest_route=%2Fwp%2Fv2%2Fcomments&post=37"}],"version-history":[{"count":49,"href":"http:\/\/www.bmxchelles.fr\/index.php?rest_route=\/wp\/v2\/pages\/37\/revisions"}],"predecessor-version":[{"id":1627,"href":"http:\/\/www.bmxchelles.fr\/index.php?rest_route=\/wp\/v2\/pages\/37\/revisions\/1627"}],"wp:attachment":[{"href":"http:\/\/www.bmxchelles.fr\/index.php?rest_route=%2Fwp%2Fv2%2Fmedia&parent=37"}],"curies":[{"name":"wp","href":"https:\/\/api.w.org\/{rel}","templated":true}]}}